{"id":32,"date":"2025-09-26T16:46:01","date_gmt":"2025-09-26T14:46:01","guid":{"rendered":"https:\/\/nandayo.fr\/?page_id=32"},"modified":"2025-12-03T09:35:53","modified_gmt":"2025-12-03T08:35:53","slug":"page-daccueil","status":"publish","type":"page","link":"https:\/\/nandayo.fr\/?page_id=32","title":{"rendered":"PROJET EN COURS"},"content":{"rendered":"\n<figure class=\"wp-block-image aligncenter size-large is-resized\"><img loading=\"lazy\" decoding=\"async\" width=\"1024\" height=\"391\" src=\"https:\/\/nandayo.fr\/wp-content\/uploads\/2025\/09\/SIGAOPOLIS-TITRE-SEUL-1024x391.jpg\" alt=\"\" class=\"wp-image-195\" style=\"width:700px\" srcset=\"https:\/\/nandayo.fr\/wp-content\/uploads\/2025\/09\/SIGAOPOLIS-TITRE-SEUL-1024x391.jpg 1024w, https:\/\/nandayo.fr\/wp-content\/uploads\/2025\/09\/SIGAOPOLIS-TITRE-SEUL-300x114.jpg 300w, https:\/\/nandayo.fr\/wp-content\/uploads\/2025\/09\/SIGAOPOLIS-TITRE-SEUL-768x293.jpg 768w, https:\/\/nandayo.fr\/wp-content\/uploads\/2025\/09\/SIGAOPOLIS-TITRE-SEUL-1536x586.jpg 1536w, https:\/\/nandayo.fr\/wp-content\/uploads\/2025\/09\/SIGAOPOLIS-TITRE-SEUL.jpg 2000w\" sizes=\"auto, (max-width: 1024px) 100vw, 1024px\" \/><\/figure>\n\n\n\n<div class=\"wp-block-group is-vertical is-layout-flex wp-container-core-group-is-layout-d06e669b wp-block-group-is-layout-flex\" style=\"min-height:0px;margin-top:0;margin-bottom:0;padding-top:0;padding-bottom:0\">\n<p class=\"has-black-color has-text-color has-background has-link-color wp-elements-36aba72e7513a59dc6caa1c0708a8bd6\" style=\"border-radius:0px;background-color:#e9e9e9\">Dans un futur lointain, une nouvelle soci\u00e9t\u00e9 s&rsquo;est construite autour de la cit\u00e9-\u00c9tat SIGAOPOLIS. <br>Hant\u00e9e par un pass\u00e9 cataclysmique, l&rsquo;humanit\u00e9 a d\u00fb se reconstruire autour d&rsquo;un nouveau dogme : LE SILENCE. L&rsquo;activit\u00e9 humaine est devenue conditionn\u00e9e au strict respect des autres \u00eatres vivants.<br>\u00c9voluant au ban de cette soci\u00e9t\u00e9 pleine de paradoxes, Lily est r\u00e9sili\u00e9e. Une rencontre incongrue va pourtant perturber sa destin\u00e9e qui semblait toute trac\u00e9e<\/p>\n\n\n\n<p class=\"wp-container-content-e29552f7\">Roman graphique de 262 pages<br><strong>Format :<\/strong> A5<br><strong>Genre :<\/strong> Science-Fiction<br><strong>Auteur :<\/strong> Axe-L<\/p>\n<\/div>\n\n\n\n<p class=\"has-text-align-center\" style=\"margin-top:var(--wp--preset--spacing--60);margin-bottom:var(--wp--preset--spacing--60)\"><strong>Sortie pr\u00e9vue : avril 2026<\/strong><\/p>\n\n\n\n<div class=\"alignnormal\"><div id=\"metaslider-id-34\" style=\"max-width: 700px; margin: 0 auto;\" class=\"ml-slider-3-107-0 metaslider metaslider-flex metaslider-34 ml-slider hide-arrows-smartphone hide-arrows-tablet has-onhover-arrows has-dots-onhover-navigation ms-theme-bubble\" role=\"region\" aria-label=\"SIGAOPOLIS\" data-height=\"300\" data-width=\"700\">\n    <div id=\"metaslider_container_34\">\n        <div id=\"metaslider_34\">\n            <ul aria-live='polite' class='slides'>\n                <li style=\"display: block; width: 100%;\" class=\"slide-35 ms-image \" aria-roledescription=\"slide\" data-date=\"2025-09-26 15:25:03\" data-filename=\"Planche-1.jpg\" data-slide-type=\"image\"><img loading=\"lazy\" decoding=\"async\" width=\"1414\" height=\"2000\" src=\"https:\/\/nandayo.fr\/wp-content\/uploads\/2025\/09\/Planche-1.jpg\" class=\"slider-34 slide-35 msDefaultImage\" alt=\"\" rel=\"\" title=\"Sigaopolis Planche-1\" \/><\/li>\n                <li style=\"display: none; width: 100%;\" class=\"slide-44 ms-image \" aria-roledescription=\"slide\" data-date=\"2025-09-26 15:27:36\" data-filename=\"Planche-2.jpg\" data-slide-type=\"image\"><img loading=\"lazy\" decoding=\"async\" width=\"1414\" height=\"2000\" src=\"https:\/\/nandayo.fr\/wp-content\/uploads\/2025\/09\/Planche-2.jpg\" class=\"slider-34 slide-44 msDefaultImage\" alt=\"\" rel=\"\" title=\"Sigaopolis Planche 2\" srcset=\"https:\/\/nandayo.fr\/wp-content\/uploads\/2025\/09\/Planche-2.jpg 1414w, https:\/\/nandayo.fr\/wp-content\/uploads\/2025\/09\/Planche-2-212x300.jpg 212w, https:\/\/nandayo.fr\/wp-content\/uploads\/2025\/09\/Planche-2-724x1024.jpg 724w, https:\/\/nandayo.fr\/wp-content\/uploads\/2025\/09\/Planche-2-768x1086.jpg 768w, https:\/\/nandayo.fr\/wp-content\/uploads\/2025\/09\/Planche-2-1086x1536.jpg 1086w\" sizes=\"auto, (max-width: 1414px) 100vw, 1414px\" \/><\/li>\n                <li style=\"display: none; width: 100%;\" class=\"slide-49 ms-image \" aria-roledescription=\"slide\" data-date=\"2025-09-26 15:27:36\" data-filename=\"Planche-3.jpg\" data-slide-type=\"image\"><img loading=\"lazy\" decoding=\"async\" width=\"1414\" height=\"2000\" src=\"https:\/\/nandayo.fr\/wp-content\/uploads\/2025\/09\/Planche-3.jpg\" class=\"slider-34 slide-49 msDefaultImage\" alt=\"\" rel=\"\" title=\"Sigaopolis Planche 3\" srcset=\"https:\/\/nandayo.fr\/wp-content\/uploads\/2025\/09\/Planche-3.jpg 1414w, https:\/\/nandayo.fr\/wp-content\/uploads\/2025\/09\/Planche-3-212x300.jpg 212w, https:\/\/nandayo.fr\/wp-content\/uploads\/2025\/09\/Planche-3-724x1024.jpg 724w, https:\/\/nandayo.fr\/wp-content\/uploads\/2025\/09\/Planche-3-768x1086.jpg 768w, https:\/\/nandayo.fr\/wp-content\/uploads\/2025\/09\/Planche-3-1086x1536.jpg 1086w\" sizes=\"auto, (max-width: 1414px) 100vw, 1414px\" \/><\/li>\n                <li style=\"display: none; width: 100%;\" class=\"slide-48 ms-image \" aria-roledescription=\"slide\" data-date=\"2025-09-26 15:27:36\" data-filename=\"Planche-4.jpg\" data-slide-type=\"image\"><img loading=\"lazy\" decoding=\"async\" width=\"1414\" height=\"2000\" src=\"https:\/\/nandayo.fr\/wp-content\/uploads\/2025\/09\/Planche-4.jpg\" class=\"slider-34 slide-48 msDefaultImage\" alt=\"\" rel=\"\" title=\"Sigaopolis Planche 4\" srcset=\"https:\/\/nandayo.fr\/wp-content\/uploads\/2025\/09\/Planche-4.jpg 1414w, https:\/\/nandayo.fr\/wp-content\/uploads\/2025\/09\/Planche-4-212x300.jpg 212w, https:\/\/nandayo.fr\/wp-content\/uploads\/2025\/09\/Planche-4-724x1024.jpg 724w, https:\/\/nandayo.fr\/wp-content\/uploads\/2025\/09\/Planche-4-768x1086.jpg 768w, https:\/\/nandayo.fr\/wp-content\/uploads\/2025\/09\/Planche-4-1086x1536.jpg 1086w\" sizes=\"auto, (max-width: 1414px) 100vw, 1414px\" \/><\/li>\n                <li style=\"display: none; width: 100%;\" class=\"slide-47 ms-image \" aria-roledescription=\"slide\" data-date=\"2025-09-26 15:27:36\" data-filename=\"Planche-5.jpg\" data-slide-type=\"image\"><img loading=\"lazy\" decoding=\"async\" width=\"1414\" height=\"2000\" src=\"https:\/\/nandayo.fr\/wp-content\/uploads\/2025\/09\/Planche-5.jpg\" class=\"slider-34 slide-47 msDefaultImage\" alt=\"\" rel=\"\" title=\"Sigaopolis Planche 5\" srcset=\"https:\/\/nandayo.fr\/wp-content\/uploads\/2025\/09\/Planche-5.jpg 1414w, https:\/\/nandayo.fr\/wp-content\/uploads\/2025\/09\/Planche-5-212x300.jpg 212w, https:\/\/nandayo.fr\/wp-content\/uploads\/2025\/09\/Planche-5-724x1024.jpg 724w, https:\/\/nandayo.fr\/wp-content\/uploads\/2025\/09\/Planche-5-768x1086.jpg 768w, https:\/\/nandayo.fr\/wp-content\/uploads\/2025\/09\/Planche-5-1086x1536.jpg 1086w\" sizes=\"auto, (max-width: 1414px) 100vw, 1414px\" \/><\/li>\n                <li style=\"display: none; width: 100%;\" class=\"slide-46 ms-image \" aria-roledescription=\"slide\" data-date=\"2025-09-26 15:27:36\" data-filename=\"Planche-6.jpg\" data-slide-type=\"image\"><img loading=\"lazy\" decoding=\"async\" width=\"1414\" height=\"2000\" src=\"https:\/\/nandayo.fr\/wp-content\/uploads\/2025\/09\/Planche-6.jpg\" class=\"slider-34 slide-46 msDefaultImage\" alt=\"\" rel=\"\" title=\"Sigaopolis Planche 6\" srcset=\"https:\/\/nandayo.fr\/wp-content\/uploads\/2025\/09\/Planche-6.jpg 1414w, https:\/\/nandayo.fr\/wp-content\/uploads\/2025\/09\/Planche-6-212x300.jpg 212w, https:\/\/nandayo.fr\/wp-content\/uploads\/2025\/09\/Planche-6-724x1024.jpg 724w, https:\/\/nandayo.fr\/wp-content\/uploads\/2025\/09\/Planche-6-768x1086.jpg 768w, https:\/\/nandayo.fr\/wp-content\/uploads\/2025\/09\/Planche-6-1086x1536.jpg 1086w\" sizes=\"auto, (max-width: 1414px) 100vw, 1414px\" \/><\/li>\n                <li style=\"display: none; width: 100%;\" class=\"slide-45 ms-image \" aria-roledescription=\"slide\" data-date=\"2025-09-26 15:27:36\" data-filename=\"Planche-7.jpg\" data-slide-type=\"image\"><img loading=\"lazy\" decoding=\"async\" width=\"1414\" height=\"2000\" src=\"https:\/\/nandayo.fr\/wp-content\/uploads\/2025\/09\/Planche-7.jpg\" class=\"slider-34 slide-45 msDefaultImage\" alt=\"\" rel=\"\" title=\"Sigaopolis Planche 7\" srcset=\"https:\/\/nandayo.fr\/wp-content\/uploads\/2025\/09\/Planche-7.jpg 1414w, https:\/\/nandayo.fr\/wp-content\/uploads\/2025\/09\/Planche-7-212x300.jpg 212w, https:\/\/nandayo.fr\/wp-content\/uploads\/2025\/09\/Planche-7-724x1024.jpg 724w, https:\/\/nandayo.fr\/wp-content\/uploads\/2025\/09\/Planche-7-768x1086.jpg 768w, https:\/\/nandayo.fr\/wp-content\/uploads\/2025\/09\/Planche-7-1086x1536.jpg 1086w\" sizes=\"auto, (max-width: 1414px) 100vw, 1414px\" \/><\/li>\n            <\/ul>\n        <\/div>\n        \n    <\/div>\n<\/div><\/div>\n\n\n\n<p><\/p>\n","protected":false},"excerpt":{"rendered":"<p>Dans un futur lointain, une nouvelle soci\u00e9t\u00e9 s&rsquo;est construite autour de la cit\u00e9-\u00c9tat SIGAOPOLIS. Hant\u00e9e par un pass\u00e9 cataclysmique, l&rsquo;humanit\u00e9 [&hellip;]<\/p>\n","protected":false},"author":1,"featured_media":0,"parent":0,"menu_order":0,"comment_status":"closed","ping_status":"closed","template":"","meta":{"site-sidebar-layout":"default","site-content-layout":"","ast-site-content-layout":"default","site-content-style":"default","site-sidebar-style":"default","ast-global-header-display":"","ast-banner-title-visibility":"","ast-main-header-display":"","ast-hfb-above-header-display":"","ast-hfb-below-header-display":"","ast-hfb-mobile-header-display":"","site-post-title":"","ast-breadcrumbs-content":"","ast-featured-img":"","footer-sml-layout":"","theme-transparent-header-meta":"","adv-header-id-meta":"","stick-header-meta":"","header-above-stick-meta":"","header-main-stick-meta":"","header-below-stick-meta":"","astra-migrate-meta-layouts":"default","ast-page-background-enabled":"default","ast-page-background-meta":{"desktop":{"background-color":"var(--ast-global-color-5)","background-image":"","background-repeat":"repeat","background-position":"center center","background-size":"auto","background-attachment":"scroll","background-type":"","background-media":"","overlay-type":"","overlay-color":"","overlay-opacity":"","overlay-gradient":""},"tablet":{"background-color":"","background-image":"","background-repeat":"repeat","background-position":"center center","background-size":"auto","background-attachment":"scroll","background-type":"","background-media":"","overlay-type":"","overlay-color":"","overlay-opacity":"","overlay-gradient":""},"mobile":{"background-color":"","background-image":"","background-repeat":"repeat","background-position":"center center","background-size":"auto","background-attachment":"scroll","background-type":"","background-media":"","overlay-type":"","overlay-color":"","overlay-opacity":"","overlay-gradient":""}},"ast-content-background-meta":{"desktop":{"background-color":"var(--ast-global-color-4)","background-image":"","background-repeat":"repeat","background-position":"center center","background-size":"auto","background-attachment":"scroll","background-type":"","background-media":"","overlay-type":"","overlay-color":"","overlay-opacity":"","overlay-gradient":""},"tablet":{"background-color":"var(--ast-global-color-4)","background-image":"","background-repeat":"repeat","background-position":"center center","background-size":"auto","background-attachment":"scroll","background-type":"","background-media":"","overlay-type":"","overlay-color":"","overlay-opacity":"","overlay-gradient":""},"mobile":{"background-color":"var(--ast-global-color-4)","background-image":"","background-repeat":"repeat","background-position":"center center","background-size":"auto","background-attachment":"scroll","background-type":"","background-media":"","overlay-type":"","overlay-color":"","overlay-opacity":"","overlay-gradient":""}},"footnotes":""},"class_list":["post-32","page","type-page","status-publish","hentry"],"_links":{"self":[{"href":"https:\/\/nandayo.fr\/index.php?rest_route=\/wp\/v2\/pages\/32","targetHints":{"allow":["GET"]}}],"collection":[{"href":"https:\/\/nandayo.fr\/index.php?rest_route=\/wp\/v2\/pages"}],"about":[{"href":"https:\/\/nandayo.fr\/index.php?rest_route=\/wp\/v2\/types\/page"}],"author":[{"embeddable":true,"href":"https:\/\/nandayo.fr\/index.php?rest_route=\/wp\/v2\/users\/1"}],"replies":[{"embeddable":true,"href":"https:\/\/nandayo.fr\/index.php?rest_route=%2Fwp%2Fv2%2Fcomments&post=32"}],"version-history":[{"count":58,"href":"https:\/\/nandayo.fr\/index.php?rest_route=\/wp\/v2\/pages\/32\/revisions"}],"predecessor-version":[{"id":198,"href":"https:\/\/nandayo.fr\/index.php?rest_route=\/wp\/v2\/pages\/32\/revisions\/198"}],"wp:attachment":[{"href":"https:\/\/nandayo.fr\/index.php?rest_route=%2Fwp%2Fv2%2Fmedia&parent=32"}],"curies":[{"name":"wp","href":"https:\/\/api.w.org\/{rel}","templated":true}]}}