{"id":5,"date":"2025-04-28T14:38:57","date_gmt":"2025-04-28T12:38:57","guid":{"rendered":"https:\/\/nandayo.fr\/?page_id=5"},"modified":"2025-09-28T14:42:33","modified_gmt":"2025-09-28T12:42:33","slug":"nandayo-editions","status":"publish","type":"page","link":"https:\/\/nandayo.fr\/","title":{"rendered":"ACCUEIL"},"content":{"rendered":"\n<p><\/p>\n\n\n\n<p><\/p>\n\n\n\n<p><\/p>\n\n\n\n<p><strong>NANDAYO<\/strong> est une maison d\u2019\u00e9dition dont la ligne \u00e9ditoriale se concentre sur un sc\u00e9nario hors du commun. Le mot \u00ab&nbsp;Nandayo&nbsp;\u00bb signifie en japonais \u00ab&nbsp;Qu\u2019est-ce que c\u2019est&nbsp;?&nbsp;\u00bb avec un effet de surprise et repr\u00e9sente notre identit\u00e9 litt\u00e9raire.<\/p>\n\n\n\n<p>Nous nous consid\u00e9rons comme une maison d\u2019\u00e9dition ouverte \u00e0 tous les styles graphiques, s\u2019ils sont en ad\u00e9quation avec une bonne histoire.<\/p>\n\n\n\n<p>Notre tout premier album, <a href=\"https:\/\/nandayo.fr\/?page_id=32\" data-type=\"page\" data-id=\"32\"><strong>SIGAOPOLIS<\/strong><\/a>, sign\u00e9 <strong>Axe-L<\/strong>, est un roman graphique de 262 pages au format A5 et sortira en fin d&rsquo;ann\u00e9e 2025. L\u2019histoire se d\u00e9roule dans un futur lointain, interrogeant notre place dans la soci\u00e9t\u00e9 et dans le monde qui nous entoure.<\/p>\n\n\n\n<p><\/p>\n\n\n\n<p><\/p>\n","protected":false},"excerpt":{"rendered":"<p>NANDAYO est une maison d\u2019\u00e9dition dont la ligne \u00e9ditoriale se concentre sur un sc\u00e9nario hors du commun. Le mot \u00ab&nbsp;Nandayo&nbsp;\u00bb [&hellip;]<\/p>\n","protected":false},"author":1,"featured_media":0,"parent":0,"menu_order":0,"comment_status":"closed","ping_status":"closed","template":"","meta":{"site-sidebar-layout":"default","site-content-layout":"","ast-site-content-layout":"default","site-content-style":"default","site-sidebar-style":"default","ast-global-header-display":"","ast-banner-title-visibility":"","ast-main-header-display":"","ast-hfb-above-header-display":"","ast-hfb-below-header-display":"","ast-hfb-mobile-header-display":"","site-post-title":"disabled","ast-breadcrumbs-content":"","ast-featured-img":"","footer-sml-layout":"","theme-transparent-header-meta":"","adv-header-id-meta":"","stick-header-meta":"","header-above-stick-meta":"","header-main-stick-meta":"","header-below-stick-meta":"","astra-migrate-meta-layouts":"default","ast-page-background-enabled":"default","ast-page-background-meta":{"desktop":{"background-color":"var(--ast-global-color-5)","background-image":"","background-repeat":"repeat","background-position":"center center","background-size":"auto","background-attachment":"scroll","background-type":"","background-media":"","overlay-type":"","overlay-color":"","overlay-opacity":"","overlay-gradient":""},"tablet":{"background-color":"","background-image":"","background-repeat":"repeat","background-position":"center center","background-size":"auto","background-attachment":"scroll","background-type":"","background-media":"","overlay-type":"","overlay-color":"","overlay-opacity":"","overlay-gradient":""},"mobile":{"background-color":"","background-image":"","background-repeat":"repeat","background-position":"center center","background-size":"auto","background-attachment":"scroll","background-type":"","background-media":"","overlay-type":"","overlay-color":"","overlay-opacity":"","overlay-gradient":""}},"ast-content-background-meta":{"desktop":{"background-color":"var(--ast-global-color-4)","background-image":"","background-repeat":"repeat","background-position":"center center","background-size":"auto","background-attachment":"scroll","background-type":"","background-media":"","overlay-type":"","overlay-color":"","overlay-opacity":"","overlay-gradient":""},"tablet":{"background-color":"var(--ast-global-color-4)","background-image":"","background-repeat":"repeat","background-position":"center center","background-size":"auto","background-attachment":"scroll","background-type":"","background-media":"","overlay-type":"","overlay-color":"","overlay-opacity":"","overlay-gradient":""},"mobile":{"background-color":"var(--ast-global-color-4)","background-image":"","background-repeat":"repeat","background-position":"center center","background-size":"auto","background-attachment":"scroll","background-type":"","background-media":"","overlay-type":"","overlay-color":"","overlay-opacity":"","overlay-gradient":""}},"footnotes":""},"class_list":["post-5","page","type-page","status-publish","hentry"],"_links":{"self":[{"href":"https:\/\/nandayo.fr\/index.php?rest_route=\/wp\/v2\/pages\/5","targetHints":{"allow":["GET"]}}],"collection":[{"href":"https:\/\/nandayo.fr\/index.php?rest_route=\/wp\/v2\/pages"}],"about":[{"href":"https:\/\/nandayo.fr\/index.php?rest_route=\/wp\/v2\/types\/page"}],"author":[{"embeddable":true,"href":"https:\/\/nandayo.fr\/index.php?rest_route=\/wp\/v2\/users\/1"}],"replies":[{"embeddable":true,"href":"https:\/\/nandayo.fr\/index.php?rest_route=%2Fwp%2Fv2%2Fcomments&post=5"}],"version-history":[{"count":17,"href":"https:\/\/nandayo.fr\/index.php?rest_route=\/wp\/v2\/pages\/5\/revisions"}],"predecessor-version":[{"id":105,"href":"https:\/\/nandayo.fr\/index.php?rest_route=\/wp\/v2\/pages\/5\/revisions\/105"}],"wp:attachment":[{"href":"https:\/\/nandayo.fr\/index.php?rest_route=%2Fwp%2Fv2%2Fmedia&parent=5"}],"curies":[{"name":"wp","href":"https:\/\/api.w.org\/{rel}","templated":true}]}}